{"id":7,"date":"2018-05-29T11:34:43","date_gmt":"2018-05-29T11:34:43","guid":{"rendered":"https:\/\/www.fitshop.es\/blog\/?page_id=7"},"modified":"2026-03-13T16:59:09","modified_gmt":"2026-03-13T15:59:09","slug":"aviso-legal","status":"publish","type":"page","link":"https:\/\/www.fitshop.es\/blog\/aviso-legal\/","title":{"rendered":"Aviso Legal"},"content":{"rendered":"<p><strong>Raz\u00f3n y Domicilio Social<\/strong><\/p>\n<p><strong>Fitshop GmbH<\/strong><br \/>\nFlensburger Stra\u00dfe 55<br \/>\nD-24837 Schleswig<br \/>\nAlemania<\/p>\n<p><strong>Directores Generales<\/strong><br \/>\nChristian Grau<br \/>\nSebastian Campmann<br \/>\nDr. Bernhard Schenkel<\/p>\n<p>Registro Mercantil: <span class=\"text-nowrap\">HRB 1000 SL<\/span> en Juzgado de Flensburgo<br \/>\nN\u00ba IVA intracomunitario: DE813211547<br \/>\nCIF alem\u00e1n: <span class=\"text-nowrap\">15 293 10996<\/span><\/p>\n","protected":false},"excerpt":{"rendered":"<p>Raz\u00f3n y Domicilio Social Fitshop GmbH Flensburger Stra\u00dfe 55 D-24837 Schleswig Alemania Directores Generales Christian Grau Sebastian Campmann Dr. Bernhard Schenkel Registro Mercantil: HRB 1000 SL en Juzgado de Flensburgo N\u00ba IVA intracomunitario: DE813211547 CIF alem\u00e1n: 15 293 10996<\/p>\n","protected":false},"author":1,"featured_media":0,"parent":0,"menu_order":0,"comment_status":"closed","ping_status":"closed","template":"","meta":{"_monsterinsights_skip_tracking":false,"_monsterinsights_sitenote_active":false,"_monsterinsights_sitenote_note":"","_monsterinsights_sitenote_category":0,"footnotes":""},"class_list":["post-7","page","type-page","status-publish","hentry"],"yoast_head":"<!-- This site is optimized with the Yoast SEO plugin v27.3 - https:\/\/yoast.com\/product\/yoast-seo-wordpress\/ -->\n<title>Aviso Legal - El Blog de Fitshop<\/title>\n<meta name=\"description\" content=\"Aviso legal de Fitshop. Con m\u00e1s de 40 a\u00f1os de experiencia. Desde los inicios, nos hemos situado como l\u00edderes en Europa en Fitness dom\u00e9stico.\" \/>\n<meta name=\"robots\" content=\"noindex, follow\" \/>\n<meta property=\"og:locale\" content=\"es_ES\" \/>\n<meta property=\"og:type\" content=\"article\" \/>\n<meta property=\"og:title\" content=\"Aviso Legal - El Blog de Fitshop\" \/>\n<meta property=\"og:description\" content=\"Aviso legal de Fitshop. Con m\u00e1s de 40 a\u00f1os de experiencia. Desde los inicios, nos hemos situado como l\u00edderes en Europa en Fitness dom\u00e9stico.\" \/>\n<meta property=\"og:url\" content=\"https:\/\/www.fitshop.es\/blog\/aviso-legal\/\" \/>\n<meta property=\"og:site_name\" content=\"El Blog de Fitshop\" \/>\n<meta property=\"article:publisher\" content=\"https:\/\/www.facebook.com\/FitshopES\" \/>\n<meta property=\"article:modified_time\" content=\"2026-03-13T15:59:09+00:00\" \/>\n<meta name=\"twitter:card\" content=\"summary_large_image\" \/>\n<meta name=\"twitter:site\" content=\"@FitshopES\" \/>\n<meta name=\"twitter:label1\" content=\"Tiempo de lectura\" \/>\n\t<meta name=\"twitter:data1\" content=\"1 minuto\" \/>\n<script type=\"application\/ld+json\" class=\"yoast-schema-graph\">{\"@context\":\"https:\\\/\\\/schema.org\",\"@graph\":[{\"@type\":\"WebPage\",\"@id\":\"https:\\\/\\\/www.fitshop.es\\\/blog\\\/aviso-legal\\\/\",\"url\":\"https:\\\/\\\/www.fitshop.es\\\/blog\\\/aviso-legal\\\/\",\"name\":\"Aviso Legal - El Blog de Fitshop\",\"isPartOf\":{\"@id\":\"https:\\\/\\\/www.fitshop.es\\\/blog\\\/#website\"},\"datePublished\":\"2018-05-29T11:34:43+00:00\",\"dateModified\":\"2026-03-13T15:59:09+00:00\",\"description\":\"Aviso legal de Fitshop. Con m\u00e1s de 40 a\u00f1os de experiencia. Desde los inicios, nos hemos situado como l\u00edderes en Europa en Fitness dom\u00e9stico.\",\"breadcrumb\":{\"@id\":\"https:\\\/\\\/www.fitshop.es\\\/blog\\\/aviso-legal\\\/#breadcrumb\"},\"inLanguage\":\"es\",\"potentialAction\":[{\"@type\":\"ReadAction\",\"target\":[\"https:\\\/\\\/www.fitshop.es\\\/blog\\\/aviso-legal\\\/\"]}]},{\"@type\":\"BreadcrumbList\",\"@id\":\"https:\\\/\\\/www.fitshop.es\\\/blog\\\/aviso-legal\\\/#breadcrumb\",\"itemListElement\":[{\"@type\":\"ListItem\",\"position\":1,\"name\":\"Home\",\"item\":\"https:\\\/\\\/www.fitshop.es\\\/blog\\\/\"},{\"@type\":\"ListItem\",\"position\":2,\"name\":\"Aviso Legal\"}]},{\"@type\":\"WebSite\",\"@id\":\"https:\\\/\\\/www.fitshop.es\\\/blog\\\/#website\",\"url\":\"https:\\\/\\\/www.fitshop.es\\\/blog\\\/\",\"name\":\"El Blog de Fitshop\",\"description\":\"N\u00ba 1 en Europa para el Fitness dom\u00e9stico\",\"publisher\":{\"@id\":\"https:\\\/\\\/www.fitshop.es\\\/blog\\\/#organization\"},\"potentialAction\":[{\"@type\":\"SearchAction\",\"target\":{\"@type\":\"EntryPoint\",\"urlTemplate\":\"https:\\\/\\\/www.fitshop.es\\\/blog\\\/?s={search_term_string}\"},\"query-input\":{\"@type\":\"PropertyValueSpecification\",\"valueRequired\":true,\"valueName\":\"search_term_string\"}}],\"inLanguage\":\"es\"},{\"@type\":\"Organization\",\"@id\":\"https:\\\/\\\/www.fitshop.es\\\/blog\\\/#organization\",\"name\":\"Fitshop.es\",\"url\":\"https:\\\/\\\/www.fitshop.es\\\/blog\\\/\",\"logo\":{\"@type\":\"ImageObject\",\"inLanguage\":\"es\",\"@id\":\"https:\\\/\\\/www.fitshop.es\\\/blog\\\/#\\\/schema\\\/logo\\\/image\\\/\",\"url\":\"https:\\\/\\\/www.fitshop.es\\\/blog\\\/wp-content\\\/uploads\\\/2023\\\/05\\\/logo-fitshop.png\",\"contentUrl\":\"https:\\\/\\\/www.fitshop.es\\\/blog\\\/wp-content\\\/uploads\\\/2023\\\/05\\\/logo-fitshop.png\",\"width\":1200,\"height\":630,\"caption\":\"Fitshop.es\"},\"image\":{\"@id\":\"https:\\\/\\\/www.fitshop.es\\\/blog\\\/#\\\/schema\\\/logo\\\/image\\\/\"},\"sameAs\":[\"https:\\\/\\\/www.facebook.com\\\/FitshopES\",\"https:\\\/\\\/x.com\\\/FitshopES\",\"https:\\\/\\\/www.instagram.com\\\/fitshop.es\",\"https:\\\/\\\/www.linkedin.com\\\/showcase\\\/fitshop-iberica\"]}]}<\/script>\n<!-- \/ Yoast SEO plugin. -->","yoast_head_json":{"title":"Aviso Legal - El Blog de Fitshop","description":"Aviso legal de Fitshop. Con m\u00e1s de 40 a\u00f1os de experiencia. Desde los inicios, nos hemos situado como l\u00edderes en Europa en Fitness dom\u00e9stico.","robots":{"index":"noindex","follow":"follow"},"og_locale":"es_ES","og_type":"article","og_title":"Aviso Legal - El Blog de Fitshop","og_description":"Aviso legal de Fitshop. Con m\u00e1s de 40 a\u00f1os de experiencia. Desde los inicios, nos hemos situado como l\u00edderes en Europa en Fitness dom\u00e9stico.","og_url":"https:\/\/www.fitshop.es\/blog\/aviso-legal\/","og_site_name":"El Blog de Fitshop","article_publisher":"https:\/\/www.facebook.com\/FitshopES","article_modified_time":"2026-03-13T15:59:09+00:00","twitter_card":"summary_large_image","twitter_site":"@FitshopES","twitter_misc":{"Tiempo de lectura":"1 minuto"},"schema":{"@context":"https:\/\/schema.org","@graph":[{"@type":"WebPage","@id":"https:\/\/www.fitshop.es\/blog\/aviso-legal\/","url":"https:\/\/www.fitshop.es\/blog\/aviso-legal\/","name":"Aviso Legal - El Blog de Fitshop","isPartOf":{"@id":"https:\/\/www.fitshop.es\/blog\/#website"},"datePublished":"2018-05-29T11:34:43+00:00","dateModified":"2026-03-13T15:59:09+00:00","description":"Aviso legal de Fitshop. Con m\u00e1s de 40 a\u00f1os de experiencia. Desde los inicios, nos hemos situado como l\u00edderes en Europa en Fitness dom\u00e9stico.","breadcrumb":{"@id":"https:\/\/www.fitshop.es\/blog\/aviso-legal\/#breadcrumb"},"inLanguage":"es","potentialAction":[{"@type":"ReadAction","target":["https:\/\/www.fitshop.es\/blog\/aviso-legal\/"]}]},{"@type":"BreadcrumbList","@id":"https:\/\/www.fitshop.es\/blog\/aviso-legal\/#breadcrumb","itemListElement":[{"@type":"ListItem","position":1,"name":"Home","item":"https:\/\/www.fitshop.es\/blog\/"},{"@type":"ListItem","position":2,"name":"Aviso Legal"}]},{"@type":"WebSite","@id":"https:\/\/www.fitshop.es\/blog\/#website","url":"https:\/\/www.fitshop.es\/blog\/","name":"El Blog de Fitshop","description":"N\u00ba 1 en Europa para el Fitness dom\u00e9stico","publisher":{"@id":"https:\/\/www.fitshop.es\/blog\/#organization"},"potentialAction":[{"@type":"SearchAction","target":{"@type":"EntryPoint","urlTemplate":"https:\/\/www.fitshop.es\/blog\/?s={search_term_string}"},"query-input":{"@type":"PropertyValueSpecification","valueRequired":true,"valueName":"search_term_string"}}],"inLanguage":"es"},{"@type":"Organization","@id":"https:\/\/www.fitshop.es\/blog\/#organization","name":"Fitshop.es","url":"https:\/\/www.fitshop.es\/blog\/","logo":{"@type":"ImageObject","inLanguage":"es","@id":"https:\/\/www.fitshop.es\/blog\/#\/schema\/logo\/image\/","url":"https:\/\/www.fitshop.es\/blog\/wp-content\/uploads\/2023\/05\/logo-fitshop.png","contentUrl":"https:\/\/www.fitshop.es\/blog\/wp-content\/uploads\/2023\/05\/logo-fitshop.png","width":1200,"height":630,"caption":"Fitshop.es"},"image":{"@id":"https:\/\/www.fitshop.es\/blog\/#\/schema\/logo\/image\/"},"sameAs":["https:\/\/www.facebook.com\/FitshopES","https:\/\/x.com\/FitshopES","https:\/\/www.instagram.com\/fitshop.es","https:\/\/www.linkedin.com\/showcase\/fitshop-iberica"]}]}},"_links":{"self":[{"href":"https:\/\/www.fitshop.es\/blog\/wp-json\/wp\/v2\/pages\/7","targetHints":{"allow":["GET"]}}],"collection":[{"href":"https:\/\/www.fitshop.es\/blog\/wp-json\/wp\/v2\/pages"}],"about":[{"href":"https:\/\/www.fitshop.es\/blog\/wp-json\/wp\/v2\/types\/page"}],"author":[{"embeddable":true,"href":"https:\/\/www.fitshop.es\/blog\/wp-json\/wp\/v2\/users\/1"}],"replies":[{"embeddable":true,"href":"https:\/\/www.fitshop.es\/blog\/wp-json\/wp\/v2\/comments?post=7"}],"version-history":[{"count":3,"href":"https:\/\/www.fitshop.es\/blog\/wp-json\/wp\/v2\/pages\/7\/revisions"}],"predecessor-version":[{"id":4131,"href":"https:\/\/www.fitshop.es\/blog\/wp-json\/wp\/v2\/pages\/7\/revisions\/4131"}],"wp:attachment":[{"href":"https:\/\/www.fitshop.es\/blog\/wp-json\/wp\/v2\/media?parent=7"}],"curies":[{"name":"wp","href":"https:\/\/api.w.org\/{rel}","templated":true}]}}